{"id":8031,"date":"2025-11-10T22:24:12","date_gmt":"2025-11-10T21:24:12","guid":{"rendered":"https:\/\/etev7e.pef.czu.cz\/zs2223\/?post_type=product&#038;p=8031"},"modified":"2025-11-10T22:28:50","modified_gmt":"2025-11-10T21:28:50","slug":"professore-rum","status":"publish","type":"product","link":"https:\/\/etev7e.pef.czu.cz\/zs2223\/produkt\/professore-rum\/","title":{"rendered":"Professore Rum"},"content":{"rendered":"<p>Nechte se okouzlit Professore Rum, pr\u00e9miov\u00fdm rumem s bohatou a komplexn\u00ed chut\u00ed. Jemn\u00e9 t\u00f3ny karamelu, vanilky a ko\u0159en\u00ed se snoub\u00ed s hlubok\u00fdm charakterem zr\u00e1n\u00ed, kter\u00fd ka\u017ed\u00fd dou\u0161ek prom\u011b\u0148uje v nezapomenuteln\u00fd z\u00e1\u017eitek. Ide\u00e1ln\u00ed jak k \u010dist\u00e9mu pop\u00edjen\u00ed, tak do sofistikovan\u00fdch koktejl\u016f. S obsahem alkoholu 40 % a objemem 0,7 l p\u0159in\u00e1\u0161\u00ed Professore Rum chu\u0165, kter\u00e1 v\u00e1s vt\u00e1hne a zpomal\u00ed \u010das, abyste si mohli vychutnat ka\u017ed\u00fd okam\u017eik.<\/p>\n","protected":false},"excerpt":{"rendered":"<p>Nechte se okouzlit Professore Rum, pr\u00e9miov\u00fdm rumem s bohatou a komplexn\u00ed chut\u00ed. Jemn\u00e9 t\u00f3ny karamelu, vanilky a ko\u0159en\u00ed se snoub\u00ed s hlubok\u00fdm charakterem zr\u00e1n\u00ed, kter\u00fd ka\u017ed\u00fd dou\u0161ek prom\u011b\u0148uje v nezapomenuteln\u00fd z\u00e1\u017eitek. Ide\u00e1ln\u00ed jak k \u010dist\u00e9mu pop\u00edjen\u00ed, tak do sofistikovan\u00fdch koktejl\u016f. S obsahem alkoholu 40 % a objemem 0,7 l p\u0159in\u00e1\u0161\u00ed Professore Rum chu\u0165, kter\u00e1 v\u00e1s [&hellip;]<\/p>\n","protected":false},"featured_media":8033,"comment_status":"open","ping_status":"closed","template":"","meta":[],"product_brand":[],"product_cat":[2326],"product_tag":[2348,2331,2327,2345,2346,2347],"class_list":{"0":"post-8031","1":"product","2":"type-product","3":"status-publish","4":"has-post-thumbnail","6":"product_cat-lihoviny","7":"product_tag-elegantni-design","8":"product_tag-karamel-a-vanilka","9":"product_tag-premiovy-rum","10":"product_tag-professore","11":"product_tag-rum-do-koktejlu","12":"product_tag-tmavy-rum","14":"first","15":"instock","16":"sale","17":"taxable","18":"shipping-taxable","19":"purchasable","20":"product-type-simple"},"jetpack_sharing_enabled":true,"_links":{"self":[{"href":"https:\/\/etev7e.pef.czu.cz\/zs2223\/wp-json\/wp\/v2\/product\/8031","targetHints":{"allow":["GET"]}}],"collection":[{"href":"https:\/\/etev7e.pef.czu.cz\/zs2223\/wp-json\/wp\/v2\/product"}],"about":[{"href":"https:\/\/etev7e.pef.czu.cz\/zs2223\/wp-json\/wp\/v2\/types\/product"}],"replies":[{"embeddable":true,"href":"https:\/\/etev7e.pef.czu.cz\/zs2223\/wp-json\/wp\/v2\/comments?post=8031"}],"wp:featuredmedia":[{"embeddable":true,"href":"https:\/\/etev7e.pef.czu.cz\/zs2223\/wp-json\/wp\/v2\/media\/8033"}],"wp:attachment":[{"href":"https:\/\/etev7e.pef.czu.cz\/zs2223\/wp-json\/wp\/v2\/media?parent=8031"}],"wp:term":[{"taxonomy":"product_brand","embeddable":true,"href":"https:\/\/etev7e.pef.czu.cz\/zs2223\/wp-json\/wp\/v2\/product_brand?post=8031"},{"taxonomy":"product_cat","embeddable":true,"href":"https:\/\/etev7e.pef.czu.cz\/zs2223\/wp-json\/wp\/v2\/product_cat?post=8031"},{"taxonomy":"product_tag","embeddable":true,"href":"https:\/\/etev7e.pef.czu.cz\/zs2223\/wp-json\/wp\/v2\/product_tag?post=8031"}],"curies":[{"name":"wp","href":"https:\/\/api.w.org\/{rel}","templated":true}]}}