{"id":8238,"date":"2025-11-12T14:45:50","date_gmt":"2025-11-12T13:45:50","guid":{"rendered":"https:\/\/etev7e.pef.czu.cz\/zs2223\/?post_type=product&#038;p=8238"},"modified":"2025-11-12T14:45:50","modified_gmt":"2025-11-12T13:45:50","slug":"den-popelarem","status":"publish","type":"product","link":"https:\/\/etev7e.pef.czu.cz\/zs2223\/produkt\/den-popelarem\/","title":{"rendered":"Den popel\u00e1\u0159em"},"content":{"rendered":"<p>Sta\u0148te se na jeden den skute\u010dn\u00fdm hrdinou ulic! Vyzkou\u0161ejte si pr\u00e1ci popel\u00e1\u0159e \u2013 profesi, bez kter\u00e9 by m\u011bsto nemohlo fungovat. Nasa\u010fte si reflexn\u00ed vestu, rukavice a pracovn\u00ed boty a za\u017eijte, jak\u00e9 to je b\u00fdt sou\u010d\u00e1st\u00ed t\u00fdmu, kter\u00fd ka\u017ed\u00fd den zaji\u0161\u0165uje \u010distotu a po\u0159\u00e1dek.<\/p>\n<p dir=\"ltr\">Co v\u00e1s \u010dek\u00e1:<\/p>\n<p dir=\"ltr\">&#8211; Za\u0161kolen\u00ed v oblasti BOZP<\/p>\n<p dir=\"ltr\">&#8211; Instrukt\u00e1\u017e a sezn\u00e1men\u00ed s popel\u00e1\u0159sk\u00fdm vozem a jeho ovl\u00e1d\u00e1n\u00edm<\/p>\n<p dir=\"ltr\">&#8211; Praktick\u00e1 pr\u00e1ce popel\u00e1\u0159e v re\u00e1ln\u00e9m provozu<\/p>\n<p dir=\"ltr\">&#8211; Ve\u0161ker\u00e9 pracovn\u00ed oble\u010den\u00ed a pom\u016f suven\u00fdr)<\/p>\n<p dir=\"ltr\">&#8211; Cena 6 000 K\u010d v\u010d. DPH<\/p>\n<p dir=\"ltr\">&#8211; Setk\u00e1n\u00ed: Spalovna Male\u0161ice, Praha, 10.00<\/p>\n<p dir=\"ltr\">&#8211; D\u00e9lka: 3 hodiny (v\u010detn\u011b za\u0161kolen\u00ed)<\/p>\n<p dir=\"ltr\">Z\u00e1\u017eitek trv\u00e1 p\u0159ibli\u017en\u011b 3 hodiny a je vhodn\u00fd pro v\u0161echny, kdo si cht\u011bj\u00ed vyzkou\u0161et n\u011bco netradi\u010dn\u00edho, fyzicky aktivn\u00edho a opravdu autentick\u00e9ho. Pouze pro osoby od 18 let.<\/p>\n","protected":false},"excerpt":{"rendered":"<p>Sta\u0148te se na jeden den skute\u010dn\u00fdm hrdinou ulic! Vyzkou\u0161ejte si pr\u00e1ci popel\u00e1\u0159e \u2013 profesi, bez kter\u00e9 by m\u011bsto nemohlo fungovat. Nasa\u010fte si reflexn\u00ed vestu, rukavice a pracovn\u00ed boty a za\u017eijte, jak\u00e9 to je b\u00fdt sou\u010d\u00e1st\u00ed t\u00fdmu, kter\u00fd ka\u017ed\u00fd den zaji\u0161\u0165uje \u010distotu a po\u0159\u00e1dek.<\/p>\n","protected":false},"featured_media":8239,"comment_status":"open","ping_status":"closed","template":"","meta":[],"product_brand":[],"product_cat":[2353],"product_tag":[935,903],"class_list":{"0":"post-8238","1":"product","2":"type-product","3":"status-publish","4":"has-post-thumbnail","6":"product_cat-zazitky","7":"product_tag-outdoor","8":"product_tag-zabava","10":"first","11":"onbackorder","12":"sale","13":"sold-individually","14":"taxable","15":"shipping-taxable","16":"purchasable","17":"product-type-simple"},"jetpack_sharing_enabled":true,"_links":{"self":[{"href":"https:\/\/etev7e.pef.czu.cz\/zs2223\/wp-json\/wp\/v2\/product\/8238","targetHints":{"allow":["GET"]}}],"collection":[{"href":"https:\/\/etev7e.pef.czu.cz\/zs2223\/wp-json\/wp\/v2\/product"}],"about":[{"href":"https:\/\/etev7e.pef.czu.cz\/zs2223\/wp-json\/wp\/v2\/types\/product"}],"replies":[{"embeddable":true,"href":"https:\/\/etev7e.pef.czu.cz\/zs2223\/wp-json\/wp\/v2\/comments?post=8238"}],"wp:featuredmedia":[{"embeddable":true,"href":"https:\/\/etev7e.pef.czu.cz\/zs2223\/wp-json\/wp\/v2\/media\/8239"}],"wp:attachment":[{"href":"https:\/\/etev7e.pef.czu.cz\/zs2223\/wp-json\/wp\/v2\/media?parent=8238"}],"wp:term":[{"taxonomy":"product_brand","embeddable":true,"href":"https:\/\/etev7e.pef.czu.cz\/zs2223\/wp-json\/wp\/v2\/product_brand?post=8238"},{"taxonomy":"product_cat","embeddable":true,"href":"https:\/\/etev7e.pef.czu.cz\/zs2223\/wp-json\/wp\/v2\/product_cat?post=8238"},{"taxonomy":"product_tag","embeddable":true,"href":"https:\/\/etev7e.pef.czu.cz\/zs2223\/wp-json\/wp\/v2\/product_tag?post=8238"}],"curies":[{"name":"wp","href":"https:\/\/api.w.org\/{rel}","templated":true}]}}